{"id":8,"date":"2025-05-26T09:23:47","date_gmt":"2025-05-26T09:23:47","guid":{"rendered":"https:\/\/gonzalovejo.rkinformatika.online\/?page_id=8"},"modified":"2025-06-27T11:36:42","modified_gmt":"2025-06-27T11:36:42","slug":"inicio","status":"publish","type":"page","link":"https:\/\/gonzalovejo.com\/eu\/","title":{"rendered":"Hasiera"},"content":{"rendered":"\t\t<div data-elementor-type=\"wp-page\" data-elementor-id=\"8\" class=\"elementor elementor-8\" data-elementor-post-type=\"page\">\n\t\t\t\t<div class=\"elementor-element elementor-element-81a692d e-flex e-con-boxed e-con e-parent\" data-id=\"81a692d\" data-element_type=\"container\" data-e-type=\"container\" data-settings=\"{&quot;background_background&quot;:&quot;slideshow&quot;,&quot;background_slideshow_gallery&quot;:[{&quot;id&quot;:433,&quot;url&quot;:&quot;https:\\\/\\\/gonzalovejo.com\\\/wp-content\\\/uploads\\\/2025\\\/05\\\/home-renovation-painting.jpg&quot;},{&quot;id&quot;:956,&quot;url&quot;:&quot;https:\\\/\\\/gonzalovejo.com\\\/wp-content\\\/uploads\\\/2025\\\/06\\\/professional-contractors-working-bathroom-renovation-project-minimalist.jpg&quot;},{&quot;id&quot;:392,&quot;url&quot;:&quot;https:\\\/\\\/gonzalovejo.com\\\/wp-content\\\/uploads\\\/2025\\\/05\\\/24.jpg&quot;}],&quot;background_slideshow_slide_duration&quot;:500,&quot;background_slideshow_transition_duration&quot;:5000,&quot;background_slideshow_ken_burns&quot;:&quot;yes&quot;,&quot;background_slideshow_loop&quot;:&quot;yes&quot;,&quot;background_slideshow_slide_transition&quot;:&quot;fade&quot;,&quot;background_slideshow_ken_burns_zoom_direction&quot;:&quot;in&quot;}\">\n\t\t\t\t\t<div class=\"e-con-inner\">\n\t\t\t\t<div class=\"elementor-element elementor-element-262dd28 animated-slow elementor-invisible elementor-widget elementor-widget-heading\" data-id=\"262dd28\" data-element_type=\"widget\" data-e-type=\"widget\" data-settings=\"{&quot;_animation&quot;:&quot;fadeInRight&quot;}\" data-widget_type=\"heading.default\">\n\t\t\t\t<div class=\"elementor-widget-container\">\n\t\t\t\t\t<h2 class=\"elementor-heading-title elementor-size-default\">Reformas<\/h2>\t\t\t\t<\/div>\n\t\t\t\t<\/div>\n\t\t\t\t<div class=\"elementor-element elementor-element-19e00f5 animated-slow elementor-invisible elementor-widget elementor-widget-heading\" data-id=\"19e00f5\" data-element_type=\"widget\" data-e-type=\"widget\" data-settings=\"{&quot;_animation&quot;:&quot;fadeInRight&quot;,&quot;_animation_delay&quot;:200}\" data-widget_type=\"heading.default\">\n\t\t\t\t<div class=\"elementor-widget-container\">\n\t\t\t\t\t<h2 class=\"elementor-heading-title elementor-size-default\">Gonzalo vejo<\/h2>\t\t\t\t<\/div>\n\t\t\t\t<\/div>\n\t\t\t\t<div class=\"elementor-element elementor-element-dc4bfef animated-slow elementor-invisible elementor-widget elementor-widget-text-editor\" data-id=\"dc4bfef\" data-element_type=\"widget\" data-e-type=\"widget\" data-settings=\"{&quot;_animation&quot;:&quot;fadeInRight&quot;,&quot;_animation_delay&quot;:400}\" data-widget_type=\"text-editor.default\">\n\t\t\t\t<div class=\"elementor-widget-container\">\n\t\t\t\t\t\t\t\t\t<p>Reformas integrales con coordinaci\u00f3n de gremios<\/p>\t\t\t\t\t\t\t\t<\/div>\n\t\t\t\t<\/div>\n\t\t\t\t\t<\/div>\n\t\t\t\t<\/div>\n\t\t<div class=\"elementor-element elementor-element-6704a19 e-flex e-con-boxed e-con e-parent\" data-id=\"6704a19\" data-element_type=\"container\" data-e-type=\"container\">\n\t\t\t\t\t<div class=\"e-con-inner\">\n\t\t<div class=\"elementor-element elementor-element-e55fc5e e-con-full e-flex e-con e-child\" data-id=\"e55fc5e\" data-element_type=\"container\" data-e-type=\"container\">\n\t\t\t\t<div class=\"elementor-element elementor-element-ad85763 animated-slow elementor-invisible elementor-widget elementor-widget-text-editor\" data-id=\"ad85763\" data-element_type=\"widget\" data-e-type=\"widget\" data-settings=\"{&quot;_animation&quot;:&quot;fadeInRight&quot;}\" data-widget_type=\"text-editor.default\">\n\t\t\t\t<div class=\"elementor-widget-container\">\n\t\t\t\t\t\t\t\t\t<p>Sobre nosotros<\/p>\t\t\t\t\t\t\t\t<\/div>\n\t\t\t\t<\/div>\n\t\t\t\t<div class=\"elementor-element elementor-element-03f8e2b elementor-widget elementor-widget-text-editor\" data-id=\"03f8e2b\" data-element_type=\"widget\" data-e-type=\"widget\" data-widget_type=\"text-editor.default\">\n\t\t\t\t<div class=\"elementor-widget-container\">\n\t\t\t\t\t\t\t\t\t<p data-start=\"89\" data-end=\"461\">En Reformas Gonzalo Vejo, nos dedicamos a las reformas de interiores, ofreciendo soluciones personalizadas y de calidad. Nuestro equipo combina experiencia, buen gusto y atenci\u00f3n al detalle para transformar cada espacio seg\u00fan las necesidades de nuestros clientes. Trabajamos con compromiso y profesionalismo en cada proyecto, grande o peque\u00f1o.<\/p>\t\t\t\t\t\t\t\t<\/div>\n\t\t\t\t<\/div>\n\t\t\t\t<\/div>\n\t\t<div class=\"elementor-element elementor-element-e9d068d e-con-full e-flex e-con e-child\" data-id=\"e9d068d\" data-element_type=\"container\" data-e-type=\"container\" data-settings=\"{&quot;background_background&quot;:&quot;classic&quot;}\">\n\t\t\t\t<div class=\"elementor-element elementor-element-7fea0e2 elementor-widget elementor-widget-spacer\" data-id=\"7fea0e2\" data-element_type=\"widget\" data-e-type=\"widget\" data-widget_type=\"spacer.default\">\n\t\t\t\t<div class=\"elementor-widget-container\">\n\t\t\t\t\t\t\t<div class=\"elementor-spacer\">\n\t\t\t<div class=\"elementor-spacer-inner\"><\/div>\n\t\t<\/div>\n\t\t\t\t\t\t<\/div>\n\t\t\t\t<\/div>\n\t\t\t\t<\/div>\n\t\t\t\t\t<\/div>\n\t\t\t\t<\/div>\n\t\t<div class=\"elementor-element elementor-element-b26cfe9 e-grid e-con-boxed e-con e-parent\" data-id=\"b26cfe9\" data-element_type=\"container\" data-e-type=\"container\">\n\t\t\t\t\t<div class=\"e-con-inner\">\n\t\t\t\t<div class=\"elementor-element elementor-element-bf501c8 animated-slow e-transform elementor-invisible elementor-widget elementor-widget-heading\" data-id=\"bf501c8\" data-element_type=\"widget\" data-e-type=\"widget\" data-settings=\"{&quot;_animation&quot;:&quot;fadeInLeft&quot;,&quot;_transform_translateX_effect_hover&quot;:{&quot;unit&quot;:&quot;px&quot;,&quot;size&quot;:-10,&quot;sizes&quot;:[]},&quot;_transform_translateX_effect_hover_tablet&quot;:{&quot;unit&quot;:&quot;px&quot;,&quot;size&quot;:&quot;&quot;,&quot;sizes&quot;:[]},&quot;_transform_translateX_effect_hover_mobile&quot;:{&quot;unit&quot;:&quot;px&quot;,&quot;size&quot;:&quot;&quot;,&quot;sizes&quot;:[]},&quot;_transform_translateY_effect_hover&quot;:{&quot;unit&quot;:&quot;px&quot;,&quot;size&quot;:&quot;&quot;,&quot;sizes&quot;:[]},&quot;_transform_translateY_effect_hover_tablet&quot;:{&quot;unit&quot;:&quot;px&quot;,&quot;size&quot;:&quot;&quot;,&quot;sizes&quot;:[]},&quot;_transform_translateY_effect_hover_mobile&quot;:{&quot;unit&quot;:&quot;px&quot;,&quot;size&quot;:&quot;&quot;,&quot;sizes&quot;:[]}}\" data-widget_type=\"heading.default\">\n\t\t\t\t<div class=\"elementor-widget-container\">\n\t\t\t\t\t<h2 class=\"elementor-heading-title elementor-size-default\">Coordinacion de Gremios<\/h2>\t\t\t\t<\/div>\n\t\t\t\t<\/div>\n\t\t\t\t<div class=\"elementor-element elementor-element-89222f3 animated-slow e-transform elementor-invisible elementor-widget elementor-widget-heading\" data-id=\"89222f3\" data-element_type=\"widget\" data-e-type=\"widget\" data-settings=\"{&quot;_animation&quot;:&quot;fadeInUp&quot;,&quot;_transform_translateY_effect_hover&quot;:{&quot;unit&quot;:&quot;px&quot;,&quot;size&quot;:10,&quot;sizes&quot;:[]},&quot;_transform_translateX_effect_hover&quot;:{&quot;unit&quot;:&quot;px&quot;,&quot;size&quot;:&quot;&quot;,&quot;sizes&quot;:[]},&quot;_transform_translateX_effect_hover_tablet&quot;:{&quot;unit&quot;:&quot;px&quot;,&quot;size&quot;:&quot;&quot;,&quot;sizes&quot;:[]},&quot;_transform_translateX_effect_hover_mobile&quot;:{&quot;unit&quot;:&quot;px&quot;,&quot;size&quot;:&quot;&quot;,&quot;sizes&quot;:[]},&quot;_transform_translateY_effect_hover_tablet&quot;:{&quot;unit&quot;:&quot;px&quot;,&quot;size&quot;:&quot;&quot;,&quot;sizes&quot;:[]},&quot;_transform_translateY_effect_hover_mobile&quot;:{&quot;unit&quot;:&quot;px&quot;,&quot;size&quot;:&quot;&quot;,&quot;sizes&quot;:[]}}\" data-widget_type=\"heading.default\">\n\t\t\t\t<div class=\"elementor-widget-container\">\n\t\t\t\t\t<h2 class=\"elementor-heading-title elementor-size-default\">Reformas en Ba\u00f1os<\/h2>\t\t\t\t<\/div>\n\t\t\t\t<\/div>\n\t\t\t\t<div class=\"elementor-element elementor-element-10538d3 animated-slow e-transform elementor-invisible elementor-widget elementor-widget-heading\" data-id=\"10538d3\" data-element_type=\"widget\" data-e-type=\"widget\" data-settings=\"{&quot;_animation&quot;:&quot;fadeInRight&quot;,&quot;_transform_translateX_effect_hover&quot;:{&quot;unit&quot;:&quot;px&quot;,&quot;size&quot;:10,&quot;sizes&quot;:[]},&quot;_transform_translateX_effect_hover_tablet&quot;:{&quot;unit&quot;:&quot;px&quot;,&quot;size&quot;:&quot;&quot;,&quot;sizes&quot;:[]},&quot;_transform_translateX_effect_hover_mobile&quot;:{&quot;unit&quot;:&quot;px&quot;,&quot;size&quot;:&quot;&quot;,&quot;sizes&quot;:[]},&quot;_transform_translateY_effect_hover&quot;:{&quot;unit&quot;:&quot;px&quot;,&quot;size&quot;:&quot;&quot;,&quot;sizes&quot;:[]},&quot;_transform_translateY_effect_hover_tablet&quot;:{&quot;unit&quot;:&quot;px&quot;,&quot;size&quot;:&quot;&quot;,&quot;sizes&quot;:[]},&quot;_transform_translateY_effect_hover_mobile&quot;:{&quot;unit&quot;:&quot;px&quot;,&quot;size&quot;:&quot;&quot;,&quot;sizes&quot;:[]}}\" data-widget_type=\"heading.default\">\n\t\t\t\t<div class=\"elementor-widget-container\">\n\t\t\t\t\t<h2 class=\"elementor-heading-title elementor-size-default\">Reformas de Cocinas<\/h2>\t\t\t\t<\/div>\n\t\t\t\t<\/div>\n\t\t\t\t\t<\/div>\n\t\t\t\t<\/div>\n\t\t<div class=\"elementor-element elementor-element-aa52d9a e-flex e-con-boxed e-con e-parent\" data-id=\"aa52d9a\" data-element_type=\"container\" data-e-type=\"container\">\n\t\t\t\t\t<div class=\"e-con-inner\">\n\t\t\t\t<div class=\"elementor-element elementor-element-6ea5b52 elementor-widget elementor-widget-heading\" data-id=\"6ea5b52\" data-element_type=\"widget\" data-e-type=\"widget\" data-widget_type=\"heading.default\">\n\t\t\t\t<div class=\"elementor-widget-container\">\n\t\t\t\t\t<h2 class=\"elementor-heading-title elementor-size-default\">\u00daltimos proyectos<\/h2>\t\t\t\t<\/div>\n\t\t\t\t<\/div>\n\t\t\t\t<div class=\"elementor-element elementor-element-73aa337 elementor-widget elementor-widget-image-carousel\" data-id=\"73aa337\" data-element_type=\"widget\" data-e-type=\"widget\" data-settings=\"{&quot;slides_to_show&quot;:&quot;7&quot;,&quot;slides_to_scroll&quot;:&quot;1&quot;,&quot;slides_to_show_tablet&quot;:&quot;4&quot;,&quot;slides_to_show_mobile&quot;:&quot;2&quot;,&quot;navigation&quot;:&quot;none&quot;,&quot;autoplay_speed&quot;:0,&quot;speed&quot;:5000,&quot;autoplay&quot;:&quot;yes&quot;,&quot;pause_on_hover&quot;:&quot;yes&quot;,&quot;pause_on_interaction&quot;:&quot;yes&quot;,&quot;infinite&quot;:&quot;yes&quot;}\" data-widget_type=\"image-carousel.default\">\n\t\t\t\t<div class=\"elementor-widget-container\">\n\t\t\t\t\t\t\t<div class=\"elementor-image-carousel-wrapper swiper\" role=\"region\" aria-roledescription=\"carousel\" aria-label=\"Carrusel de im\u00e1genes\" dir=\"ltr\">\n\t\t\t<div class=\"elementor-image-carousel swiper-wrapper\" aria-live=\"off\">\n\t\t\t\t\t\t\t\t<div class=\"swiper-slide\" role=\"group\" aria-roledescription=\"slide\" aria-label=\"1 de 7\"><figure class=\"swiper-slide-inner\"><img decoding=\"async\" class=\"swiper-slide-image\" src=\"https:\/\/gonzalovejo.com\/wp-content\/uploads\/elementor\/thumbs\/7-r7x6u2zs0hvhvzcbrqr98anwl3y2a3s050s4vbytnk.png\" alt=\"\" \/><\/figure><\/div><div class=\"swiper-slide\" role=\"group\" aria-roledescription=\"slide\" aria-label=\"2 de 7\"><figure class=\"swiper-slide-inner\"><img decoding=\"async\" class=\"swiper-slide-image\" src=\"https:\/\/gonzalovejo.com\/wp-content\/uploads\/elementor\/thumbs\/6-r7x6u21xtnu7kddox8cmnswfzq2p2eo9sw4ne207ts.png\" alt=\"\" \/><\/figure><\/div><div class=\"swiper-slide\" role=\"group\" aria-roledescription=\"slide\" aria-label=\"3 de 7\"><figure class=\"swiper-slide-inner\"><img decoding=\"async\" class=\"swiper-slide-image\" src=\"https:\/\/gonzalovejo.com\/wp-content\/uploads\/elementor\/thumbs\/5-r7x6u069fzrmx5gf87jditdisybyn0gt4mtofi3068.png\" alt=\"\" \/><\/figure><\/div><div class=\"swiper-slide\" role=\"group\" aria-roledescription=\"slide\" aria-label=\"4 de 7\"><figure class=\"swiper-slide-inner\"><img decoding=\"async\" class=\"swiper-slide-image\" src=\"https:\/\/gonzalovejo.com\/wp-content\/uploads\/elementor\/thumbs\/4-r7x6tyal2bp29xj5j6q4dtulm6l87m9cgdipgy5sio.png\" alt=\"\" \/><\/figure><\/div><div class=\"swiper-slide\" role=\"group\" aria-roledescription=\"slide\" aria-label=\"5 de 7\"><figure class=\"swiper-slide-inner\"><img decoding=\"async\" class=\"swiper-slide-image\" src=\"https:\/\/gonzalovejo.com\/wp-content\/uploads\/elementor\/thumbs\/3-r7x6txcqvhnrybkioobhtc350spuzx5m48v7zo76ow.png\" alt=\"\" \/><\/figure><\/div><div class=\"swiper-slide\" role=\"group\" aria-roledescription=\"slide\" aria-label=\"6 de 7\"><figure class=\"swiper-slide-inner\"><img decoding=\"async\" class=\"swiper-slide-image\" src=\"https:\/\/gonzalovejo.com\/wp-content\/uploads\/elementor\/thumbs\/2-r7x6tvh2htl7b3n8zni8ock7u0z4kiy5fzk9149z1c.png\" alt=\"\" \/><\/figure><\/div><div class=\"swiper-slide\" role=\"group\" aria-roledescription=\"slide\" aria-label=\"7 de 7\"><figure class=\"swiper-slide-inner\"><img decoding=\"async\" class=\"swiper-slide-image\" src=\"https:\/\/gonzalovejo.com\/wp-content\/uploads\/elementor\/thumbs\/1-r7x6tuj8azjwzhom553m3usr8n3rctuf3uwrjubd7k.png\" alt=\"\" \/><\/figure><\/div>\t\t\t<\/div>\n\t\t\t\t\t\t\t\n\t\t\t\t\t\t\t\t\t<\/div>\n\t\t\t\t\t\t<\/div>\n\t\t\t\t<\/div>\n\t\t\t\t\t<\/div>\n\t\t\t\t<\/div>\n\t\t\t\t<\/div>\n\t\t","protected":false},"excerpt":{"rendered":"<p>Reformas Gonzalo vejo Reformas integrales con coordinaci\u00f3n de gremios Sobre nosotros En Reformas Gonzalo Vejo, nos dedicamos a las reformas de interiores, ofreciendo soluciones personalizadas y de calidad. Nuestro equipo combina experiencia, buen gusto y atenci\u00f3n al detalle para transformar cada espacio seg\u00fan las necesidades de nuestros clientes. Trabajamos con compromiso y profesionalismo en cada [&hellip;]<\/p>\n","protected":false},"author":1,"featured_media":0,"parent":0,"menu_order":0,"comment_status":"closed","ping_status":"closed","template":"elementor_canvas","meta":{"footnotes":""},"class_list":["post-8","page","type-page","status-publish","hentry"],"yoast_head":"<!-- This site is optimized with the Yoast SEO plugin v27.3 - https:\/\/yoast.com\/product\/yoast-seo-wordpress\/ -->\n<title>Inicio - Reformas Gonzalo vejo<\/title>\n<meta name=\"robots\" content=\"index, follow, max-snippet:-1, max-image-preview:large, max-video-preview:-1\" \/>\n<link rel=\"canonical\" href=\"https:\/\/gonzalovejo.com\/eu\/\" \/>\n<meta property=\"og:locale\" content=\"en_US\" \/>\n<meta property=\"og:type\" content=\"article\" \/>\n<meta property=\"og:title\" content=\"Inicio - Reformas Gonzalo vejo\" \/>\n<meta property=\"og:description\" content=\"Reformas Gonzalo vejo Reformas integrales con coordinaci\u00f3n de gremios Sobre nosotros En Reformas Gonzalo Vejo, nos dedicamos a las reformas de interiores, ofreciendo soluciones personalizadas y de calidad. Nuestro equipo combina experiencia, buen gusto y atenci\u00f3n al detalle para transformar cada espacio seg\u00fan las necesidades de nuestros clientes. Trabajamos con compromiso y profesionalismo en cada [&hellip;]\" \/>\n<meta property=\"og:url\" content=\"https:\/\/gonzalovejo.com\/eu\/\" \/>\n<meta property=\"og:site_name\" content=\"Reformas Gonzalo vejo\" \/>\n<meta property=\"article:modified_time\" content=\"2025-06-27T11:36:42+00:00\" \/>\n<meta property=\"og:image\" content=\"https:\/\/gonzalovejo.com\/wp-content\/uploads\/elementor\/thumbs\/7-r7x6u2zs0hvhvzcbrqr98anwl3y2a3s050s4vbytnk.png\" \/>\n<meta name=\"twitter:card\" content=\"summary_large_image\" \/>\n<meta name=\"twitter:label1\" content=\"Est. reading time\" \/>\n\t<meta name=\"twitter:data1\" content=\"3 minutua\" \/>\n<script type=\"application\/ld+json\" class=\"yoast-schema-graph\">{\"@context\":\"https:\\\/\\\/schema.org\",\"@graph\":[{\"@type\":\"WebPage\",\"@id\":\"https:\\\/\\\/gonzalovejo.com\\\/\",\"url\":\"https:\\\/\\\/gonzalovejo.com\\\/\",\"name\":\"Inicio - Reformas Gonzalo vejo\",\"isPartOf\":{\"@id\":\"https:\\\/\\\/gonzalovejo.com\\\/#website\"},\"primaryImageOfPage\":{\"@id\":\"https:\\\/\\\/gonzalovejo.com\\\/#primaryimage\"},\"image\":{\"@id\":\"https:\\\/\\\/gonzalovejo.com\\\/#primaryimage\"},\"thumbnailUrl\":\"https:\\\/\\\/gonzalovejo.com\\\/wp-content\\\/uploads\\\/elementor\\\/thumbs\\\/7-r7x6u2zs0hvhvzcbrqr98anwl3y2a3s050s4vbytnk.png\",\"datePublished\":\"2025-05-26T09:23:47+00:00\",\"dateModified\":\"2025-06-27T11:36:42+00:00\",\"breadcrumb\":{\"@id\":\"https:\\\/\\\/gonzalovejo.com\\\/#breadcrumb\"},\"inLanguage\":\"eu\",\"potentialAction\":[{\"@type\":\"ReadAction\",\"target\":[\"https:\\\/\\\/gonzalovejo.com\\\/\"]}]},{\"@type\":\"ImageObject\",\"inLanguage\":\"eu\",\"@id\":\"https:\\\/\\\/gonzalovejo.com\\\/#primaryimage\",\"url\":\"https:\\\/\\\/gonzalovejo.com\\\/wp-content\\\/uploads\\\/elementor\\\/thumbs\\\/7-r7x6u2zs0hvhvzcbrqr98anwl3y2a3s050s4vbytnk.png\",\"contentUrl\":\"https:\\\/\\\/gonzalovejo.com\\\/wp-content\\\/uploads\\\/elementor\\\/thumbs\\\/7-r7x6u2zs0hvhvzcbrqr98anwl3y2a3s050s4vbytnk.png\"},{\"@type\":\"BreadcrumbList\",\"@id\":\"https:\\\/\\\/gonzalovejo.com\\\/#breadcrumb\",\"itemListElement\":[{\"@type\":\"ListItem\",\"position\":1,\"name\":\"Portada\",\"item\":\"https:\\\/\\\/gonzalovejo.com\\\/\"},{\"@type\":\"ListItem\",\"position\":2,\"name\":\"Inicio\"}]},{\"@type\":\"WebSite\",\"@id\":\"https:\\\/\\\/gonzalovejo.com\\\/#website\",\"url\":\"https:\\\/\\\/gonzalovejo.com\\\/\",\"name\":\"Reformas Gonzalo vejo\",\"description\":\"\",\"publisher\":{\"@id\":\"https:\\\/\\\/gonzalovejo.com\\\/#organization\"},\"potentialAction\":[{\"@type\":\"SearchAction\",\"target\":{\"@type\":\"EntryPoint\",\"urlTemplate\":\"https:\\\/\\\/gonzalovejo.com\\\/?s={search_term_string}\"},\"query-input\":{\"@type\":\"PropertyValueSpecification\",\"valueRequired\":true,\"valueName\":\"search_term_string\"}}],\"inLanguage\":\"eu\"},{\"@type\":\"Organization\",\"@id\":\"https:\\\/\\\/gonzalovejo.com\\\/#organization\",\"name\":\"Reformas Gonzalo vejo\",\"url\":\"https:\\\/\\\/gonzalovejo.com\\\/\",\"logo\":{\"@type\":\"ImageObject\",\"inLanguage\":\"eu\",\"@id\":\"https:\\\/\\\/gonzalovejo.com\\\/#\\\/schema\\\/logo\\\/image\\\/\",\"url\":\"https:\\\/\\\/gonzalovejo.com\\\/wp-content\\\/uploads\\\/2025\\\/06\\\/cropped-1-3.png\",\"contentUrl\":\"https:\\\/\\\/gonzalovejo.com\\\/wp-content\\\/uploads\\\/2025\\\/06\\\/cropped-1-3.png\",\"width\":403,\"height\":159,\"caption\":\"Reformas Gonzalo vejo\"},\"image\":{\"@id\":\"https:\\\/\\\/gonzalovejo.com\\\/#\\\/schema\\\/logo\\\/image\\\/\"}}]}<\/script>\n<!-- \/ Yoast SEO plugin. -->","yoast_head_json":{"title":"Inicio - Reformas Gonzalo vejo","robots":{"index":"index","follow":"follow","max-snippet":"max-snippet:-1","max-image-preview":"max-image-preview:large","max-video-preview":"max-video-preview:-1"},"canonical":"https:\/\/gonzalovejo.com\/eu\/","og_locale":"en_US","og_type":"article","og_title":"Inicio - Reformas Gonzalo vejo","og_description":"Reformas Gonzalo vejo Reformas integrales con coordinaci\u00f3n de gremios Sobre nosotros En Reformas Gonzalo Vejo, nos dedicamos a las reformas de interiores, ofreciendo soluciones personalizadas y de calidad. Nuestro equipo combina experiencia, buen gusto y atenci\u00f3n al detalle para transformar cada espacio seg\u00fan las necesidades de nuestros clientes. Trabajamos con compromiso y profesionalismo en cada [&hellip;]","og_url":"https:\/\/gonzalovejo.com\/eu\/","og_site_name":"Reformas Gonzalo vejo","article_modified_time":"2025-06-27T11:36:42+00:00","og_image":[{"url":"https:\/\/gonzalovejo.com\/wp-content\/uploads\/elementor\/thumbs\/7-r7x6u2zs0hvhvzcbrqr98anwl3y2a3s050s4vbytnk.png","type":"","width":"","height":""}],"twitter_card":"summary_large_image","twitter_misc":{"Est. reading time":"3 minutua"},"schema":{"@context":"https:\/\/schema.org","@graph":[{"@type":"WebPage","@id":"https:\/\/gonzalovejo.com\/","url":"https:\/\/gonzalovejo.com\/","name":"Inicio - Reformas Gonzalo vejo","isPartOf":{"@id":"https:\/\/gonzalovejo.com\/#website"},"primaryImageOfPage":{"@id":"https:\/\/gonzalovejo.com\/#primaryimage"},"image":{"@id":"https:\/\/gonzalovejo.com\/#primaryimage"},"thumbnailUrl":"https:\/\/gonzalovejo.com\/wp-content\/uploads\/elementor\/thumbs\/7-r7x6u2zs0hvhvzcbrqr98anwl3y2a3s050s4vbytnk.png","datePublished":"2025-05-26T09:23:47+00:00","dateModified":"2025-06-27T11:36:42+00:00","breadcrumb":{"@id":"https:\/\/gonzalovejo.com\/#breadcrumb"},"inLanguage":"eu","potentialAction":[{"@type":"ReadAction","target":["https:\/\/gonzalovejo.com\/"]}]},{"@type":"ImageObject","inLanguage":"eu","@id":"https:\/\/gonzalovejo.com\/#primaryimage","url":"https:\/\/gonzalovejo.com\/wp-content\/uploads\/elementor\/thumbs\/7-r7x6u2zs0hvhvzcbrqr98anwl3y2a3s050s4vbytnk.png","contentUrl":"https:\/\/gonzalovejo.com\/wp-content\/uploads\/elementor\/thumbs\/7-r7x6u2zs0hvhvzcbrqr98anwl3y2a3s050s4vbytnk.png"},{"@type":"BreadcrumbList","@id":"https:\/\/gonzalovejo.com\/#breadcrumb","itemListElement":[{"@type":"ListItem","position":1,"name":"Portada","item":"https:\/\/gonzalovejo.com\/"},{"@type":"ListItem","position":2,"name":"Inicio"}]},{"@type":"WebSite","@id":"https:\/\/gonzalovejo.com\/#website","url":"https:\/\/gonzalovejo.com\/","name":"Reformas Gonzalo vejo","description":"","publisher":{"@id":"https:\/\/gonzalovejo.com\/#organization"},"potentialAction":[{"@type":"SearchAction","target":{"@type":"EntryPoint","urlTemplate":"https:\/\/gonzalovejo.com\/?s={search_term_string}"},"query-input":{"@type":"PropertyValueSpecification","valueRequired":true,"valueName":"search_term_string"}}],"inLanguage":"eu"},{"@type":"Organization","@id":"https:\/\/gonzalovejo.com\/#organization","name":"Reformas Gonzalo vejo","url":"https:\/\/gonzalovejo.com\/","logo":{"@type":"ImageObject","inLanguage":"eu","@id":"https:\/\/gonzalovejo.com\/#\/schema\/logo\/image\/","url":"https:\/\/gonzalovejo.com\/wp-content\/uploads\/2025\/06\/cropped-1-3.png","contentUrl":"https:\/\/gonzalovejo.com\/wp-content\/uploads\/2025\/06\/cropped-1-3.png","width":403,"height":159,"caption":"Reformas Gonzalo vejo"},"image":{"@id":"https:\/\/gonzalovejo.com\/#\/schema\/logo\/image\/"}}]}},"_links":{"self":[{"href":"https:\/\/gonzalovejo.com\/eu\/wp-json\/wp\/v2\/pages\/8","targetHints":{"allow":["GET"]}}],"collection":[{"href":"https:\/\/gonzalovejo.com\/eu\/wp-json\/wp\/v2\/pages"}],"about":[{"href":"https:\/\/gonzalovejo.com\/eu\/wp-json\/wp\/v2\/types\/page"}],"author":[{"embeddable":true,"href":"https:\/\/gonzalovejo.com\/eu\/wp-json\/wp\/v2\/users\/1"}],"replies":[{"embeddable":true,"href":"https:\/\/gonzalovejo.com\/eu\/wp-json\/wp\/v2\/comments?post=8"}],"version-history":[{"count":215,"href":"https:\/\/gonzalovejo.com\/eu\/wp-json\/wp\/v2\/pages\/8\/revisions"}],"predecessor-version":[{"id":1197,"href":"https:\/\/gonzalovejo.com\/eu\/wp-json\/wp\/v2\/pages\/8\/revisions\/1197"}],"wp:attachment":[{"href":"https:\/\/gonzalovejo.com\/eu\/wp-json\/wp\/v2\/media?parent=8"}],"curies":[{"name":"wp","href":"https:\/\/api.w.org\/{rel}","templated":true}]}}